{"id":4558,"date":"2022-08-12T05:43:45","date_gmt":"2022-08-12T09:43:45","guid":{"rendered":"https:\/\/wampole.webloft.dev\/produit\/vitamin-c-500-mg\/"},"modified":"2026-04-21T13:21:12","modified_gmt":"2026-04-21T17:21:12","slug":"vitamine-c-comprimes","status":"publish","type":"product","link":"https:\/\/www.wampole.ca\/fr\/produit\/vitamine-c-comprimes\/","title":{"rendered":"Vitamine C comprim\u00e9s"},"content":{"rendered":"<ul>\n<li>500 mg de vitamine C par comprim\u00e9<\/li>\n<li>Comprim\u00e9 facile \u00e0 avaler<\/li>\n<li>Disponible en format de 120 ou 250 comprim\u00e9s<\/li>\n<\/ul>\n","protected":false},"excerpt":{"rendered":"<p>500 mg de vitamine C par comprim\u00e9 Comprim\u00e9 facile \u00e0 avaler Disponible en format de 120 ou 250 comprim\u00e9s<\/p>\n","protected":false},"featured_media":4233,"comment_status":"closed","ping_status":"closed","template":"","meta":{"_acf_changed":false},"product_brand":[],"product_cat":[241,205,206,198,224,223,203],"product_tag":[229,230,235,231],"class_list":{"0":"post-4558","1":"product","2":"type-product","3":"status-publish","4":"has-post-thumbnail","6":"product_cat-antioxydant","7":"product_cat-bouteilles-100-recyclees","8":"product_cat-emballage-eco","9":"product_cat-immunite","10":"product_cat-vitamine-c-vitamines-mineraux","11":"product_cat-vitamine-c","12":"product_cat-vitamines-et-mineraux","13":"product_tag-immunite","14":"product_tag-support-immune-function-fr","15":"product_tag-tablets-fr","16":"product_tag-vitamins-and-minerals-fr","17":"wl_wc_brands-wampole","18":"wl_wc_benefits-support-de-la-fonction-immunitaire","19":"wl_wc_formats-comprimes-2","20":"wl_wc_dnc-eco-fr","21":"wl_wc_dnc-preservative-fr","22":"wl_wc_dnc-gluten-fr","23":"wl_wc_dnc-lactose-fr","24":"wl_wc_dnc-sugar-fr","26":"first","27":"outofstock","28":"taxable","29":"shipping-taxable","30":"purchasable","31":"product-type-variable"},"acf":[],"yoast_head":"<!-- This site is optimized with the Yoast SEO plugin v27.5 - https:\/\/yoast.com\/product\/yoast-seo-wordpress\/ -->\n<title>Vitamine C comprim\u00e9s - Wampole<\/title>\n<meta name=\"robots\" content=\"index, follow, max-snippet:-1, max-image-preview:large, max-video-preview:-1\" \/>\n<link rel=\"canonical\" href=\"https:\/\/www.wampole.ca\/fr\/produit\/vitamine-c-comprimes\/\" \/>\n<meta property=\"og:locale\" content=\"fr_FR\" \/>\n<meta property=\"og:type\" content=\"article\" \/>\n<meta property=\"og:title\" content=\"Vitamine C comprim\u00e9s - Wampole\" \/>\n<meta property=\"og:description\" content=\"500 mg de vitamine C par comprim\u00e9 Comprim\u00e9 facile \u00e0 avaler Disponible en format de 120 ou 250 comprim\u00e9s\" \/>\n<meta property=\"og:url\" content=\"https:\/\/www.wampole.ca\/fr\/produit\/vitamine-c-comprimes\/\" \/>\n<meta property=\"og:site_name\" content=\"Wampole\" \/>\n<meta property=\"article:publisher\" content=\"https:\/\/www.facebook.com\/WampoleInc\/\" \/>\n<meta property=\"article:modified_time\" content=\"2026-04-21T17:21:12+00:00\" \/>\n<meta property=\"og:image\" content=\"https:\/\/www.wampole.ca\/wp-content\/uploads\/2022\/08\/Wampole_VitamineC_avaler_500mg_120-FR.png\" \/>\n\t<meta property=\"og:image:width\" content=\"1500\" \/>\n\t<meta property=\"og:image:height\" content=\"1500\" \/>\n\t<meta property=\"og:image:type\" content=\"image\/png\" \/>\n<meta name=\"twitter:card\" content=\"summary_large_image\" \/>\n<meta name=\"twitter:label1\" content=\"Dur\u00e9e de lecture estim\u00e9e\" \/>\n\t<meta name=\"twitter:data1\" content=\"1 minute\" \/>\n<script type=\"application\/ld+json\" class=\"yoast-schema-graph\">{\"@context\":\"https:\\\/\\\/schema.org\",\"@graph\":[{\"@type\":\"WebPage\",\"@id\":\"https:\\\/\\\/www.wampole.ca\\\/fr\\\/produit\\\/vitamine-c-comprimes\\\/\",\"url\":\"https:\\\/\\\/www.wampole.ca\\\/fr\\\/produit\\\/vitamine-c-comprimes\\\/\",\"name\":\"Vitamine C comprim\u00e9s - Wampole\",\"isPartOf\":{\"@id\":\"https:\\\/\\\/www.wampole.ca\\\/#website\"},\"primaryImageOfPage\":{\"@id\":\"https:\\\/\\\/www.wampole.ca\\\/fr\\\/produit\\\/vitamine-c-comprimes\\\/#primaryimage\"},\"image\":{\"@id\":\"https:\\\/\\\/www.wampole.ca\\\/fr\\\/produit\\\/vitamine-c-comprimes\\\/#primaryimage\"},\"thumbnailUrl\":\"https:\\\/\\\/www.wampole.ca\\\/wp-content\\\/uploads\\\/2022\\\/08\\\/Wampole_VitamineC_avaler_500mg_120-FR.png\",\"datePublished\":\"2022-08-12T09:43:45+00:00\",\"dateModified\":\"2026-04-21T17:21:12+00:00\",\"breadcrumb\":{\"@id\":\"https:\\\/\\\/www.wampole.ca\\\/fr\\\/produit\\\/vitamine-c-comprimes\\\/#breadcrumb\"},\"inLanguage\":\"fr-FR\",\"potentialAction\":[{\"@type\":\"ReadAction\",\"target\":[\"https:\\\/\\\/www.wampole.ca\\\/fr\\\/produit\\\/vitamine-c-comprimes\\\/\"]}]},{\"@type\":\"ImageObject\",\"inLanguage\":\"fr-FR\",\"@id\":\"https:\\\/\\\/www.wampole.ca\\\/fr\\\/produit\\\/vitamine-c-comprimes\\\/#primaryimage\",\"url\":\"https:\\\/\\\/www.wampole.ca\\\/wp-content\\\/uploads\\\/2022\\\/08\\\/Wampole_VitamineC_avaler_500mg_120-FR.png\",\"contentUrl\":\"https:\\\/\\\/www.wampole.ca\\\/wp-content\\\/uploads\\\/2022\\\/08\\\/Wampole_VitamineC_avaler_500mg_120-FR.png\",\"width\":1500,\"height\":1500},{\"@type\":\"BreadcrumbList\",\"@id\":\"https:\\\/\\\/www.wampole.ca\\\/fr\\\/produit\\\/vitamine-c-comprimes\\\/#breadcrumb\",\"itemListElement\":[{\"@type\":\"ListItem\",\"position\":1,\"name\":\"Accueil\",\"item\":\"https:\\\/\\\/www.wampole.ca\\\/fr\\\/\"},{\"@type\":\"ListItem\",\"position\":2,\"name\":\"Boutique (not used)\",\"item\":\"https:\\\/\\\/www.wampole.ca\\\/fr\\\/boutique\\\/\"},{\"@type\":\"ListItem\",\"position\":3,\"name\":\"Vitamine C comprim\u00e9s\"}]},{\"@type\":\"WebSite\",\"@id\":\"https:\\\/\\\/www.wampole.ca\\\/#website\",\"url\":\"https:\\\/\\\/www.wampole.ca\\\/\",\"name\":\"Wampole\",\"description\":\"\",\"publisher\":{\"@id\":\"https:\\\/\\\/www.wampole.ca\\\/#organization\"},\"potentialAction\":[{\"@type\":\"SearchAction\",\"target\":{\"@type\":\"EntryPoint\",\"urlTemplate\":\"https:\\\/\\\/www.wampole.ca\\\/?s={search_term_string}\"},\"query-input\":{\"@type\":\"PropertyValueSpecification\",\"valueRequired\":true,\"valueName\":\"search_term_string\"}}],\"inLanguage\":\"fr-FR\"},{\"@type\":\"Organization\",\"@id\":\"https:\\\/\\\/www.wampole.ca\\\/#organization\",\"name\":\"Wampole\",\"url\":\"https:\\\/\\\/www.wampole.ca\\\/\",\"logo\":{\"@type\":\"ImageObject\",\"inLanguage\":\"fr-FR\",\"@id\":\"https:\\\/\\\/www.wampole.ca\\\/#\\\/schema\\\/logo\\\/image\\\/\",\"url\":\"https:\\\/\\\/www.wampole.ca\\\/wp-content\\\/uploads\\\/2022\\\/03\\\/WAMPOLE_Logo-EN.png\",\"contentUrl\":\"https:\\\/\\\/www.wampole.ca\\\/wp-content\\\/uploads\\\/2022\\\/03\\\/WAMPOLE_Logo-EN.png\",\"width\":3300,\"height\":1053,\"caption\":\"Wampole\"},\"image\":{\"@id\":\"https:\\\/\\\/www.wampole.ca\\\/#\\\/schema\\\/logo\\\/image\\\/\"},\"sameAs\":[\"https:\\\/\\\/www.facebook.com\\\/WampoleInc\\\/\",\"https:\\\/\\\/www.youtube.com\\\/channel\\\/UCpQexQ_7lSnd4-BERfis2pQ\"]}]}<\/script>\n<!-- \/ Yoast SEO plugin. -->","yoast_head_json":{"title":"Vitamine C comprim\u00e9s - Wampole","robots":{"index":"index","follow":"follow","max-snippet":"max-snippet:-1","max-image-preview":"max-image-preview:large","max-video-preview":"max-video-preview:-1"},"canonical":"https:\/\/www.wampole.ca\/fr\/produit\/vitamine-c-comprimes\/","og_locale":"fr_FR","og_type":"article","og_title":"Vitamine C comprim\u00e9s - Wampole","og_description":"500 mg de vitamine C par comprim\u00e9 Comprim\u00e9 facile \u00e0 avaler Disponible en format de 120 ou 250 comprim\u00e9s","og_url":"https:\/\/www.wampole.ca\/fr\/produit\/vitamine-c-comprimes\/","og_site_name":"Wampole","article_publisher":"https:\/\/www.facebook.com\/WampoleInc\/","article_modified_time":"2026-04-21T17:21:12+00:00","og_image":[{"width":1500,"height":1500,"url":"https:\/\/www.wampole.ca\/wp-content\/uploads\/2022\/08\/Wampole_VitamineC_avaler_500mg_120-FR.png","type":"image\/png"}],"twitter_card":"summary_large_image","twitter_misc":{"Dur\u00e9e de lecture estim\u00e9e":"1 minute"},"schema":{"@context":"https:\/\/schema.org","@graph":[{"@type":"WebPage","@id":"https:\/\/www.wampole.ca\/fr\/produit\/vitamine-c-comprimes\/","url":"https:\/\/www.wampole.ca\/fr\/produit\/vitamine-c-comprimes\/","name":"Vitamine C comprim\u00e9s - Wampole","isPartOf":{"@id":"https:\/\/www.wampole.ca\/#website"},"primaryImageOfPage":{"@id":"https:\/\/www.wampole.ca\/fr\/produit\/vitamine-c-comprimes\/#primaryimage"},"image":{"@id":"https:\/\/www.wampole.ca\/fr\/produit\/vitamine-c-comprimes\/#primaryimage"},"thumbnailUrl":"https:\/\/www.wampole.ca\/wp-content\/uploads\/2022\/08\/Wampole_VitamineC_avaler_500mg_120-FR.png","datePublished":"2022-08-12T09:43:45+00:00","dateModified":"2026-04-21T17:21:12+00:00","breadcrumb":{"@id":"https:\/\/www.wampole.ca\/fr\/produit\/vitamine-c-comprimes\/#breadcrumb"},"inLanguage":"fr-FR","potentialAction":[{"@type":"ReadAction","target":["https:\/\/www.wampole.ca\/fr\/produit\/vitamine-c-comprimes\/"]}]},{"@type":"ImageObject","inLanguage":"fr-FR","@id":"https:\/\/www.wampole.ca\/fr\/produit\/vitamine-c-comprimes\/#primaryimage","url":"https:\/\/www.wampole.ca\/wp-content\/uploads\/2022\/08\/Wampole_VitamineC_avaler_500mg_120-FR.png","contentUrl":"https:\/\/www.wampole.ca\/wp-content\/uploads\/2022\/08\/Wampole_VitamineC_avaler_500mg_120-FR.png","width":1500,"height":1500},{"@type":"BreadcrumbList","@id":"https:\/\/www.wampole.ca\/fr\/produit\/vitamine-c-comprimes\/#breadcrumb","itemListElement":[{"@type":"ListItem","position":1,"name":"Accueil","item":"https:\/\/www.wampole.ca\/fr\/"},{"@type":"ListItem","position":2,"name":"Boutique (not used)","item":"https:\/\/www.wampole.ca\/fr\/boutique\/"},{"@type":"ListItem","position":3,"name":"Vitamine C comprim\u00e9s"}]},{"@type":"WebSite","@id":"https:\/\/www.wampole.ca\/#website","url":"https:\/\/www.wampole.ca\/","name":"Wampole","description":"","publisher":{"@id":"https:\/\/www.wampole.ca\/#organization"},"potentialAction":[{"@type":"SearchAction","target":{"@type":"EntryPoint","urlTemplate":"https:\/\/www.wampole.ca\/?s={search_term_string}"},"query-input":{"@type":"PropertyValueSpecification","valueRequired":true,"valueName":"search_term_string"}}],"inLanguage":"fr-FR"},{"@type":"Organization","@id":"https:\/\/www.wampole.ca\/#organization","name":"Wampole","url":"https:\/\/www.wampole.ca\/","logo":{"@type":"ImageObject","inLanguage":"fr-FR","@id":"https:\/\/www.wampole.ca\/#\/schema\/logo\/image\/","url":"https:\/\/www.wampole.ca\/wp-content\/uploads\/2022\/03\/WAMPOLE_Logo-EN.png","contentUrl":"https:\/\/www.wampole.ca\/wp-content\/uploads\/2022\/03\/WAMPOLE_Logo-EN.png","width":3300,"height":1053,"caption":"Wampole"},"image":{"@id":"https:\/\/www.wampole.ca\/#\/schema\/logo\/image\/"},"sameAs":["https:\/\/www.facebook.com\/WampoleInc\/","https:\/\/www.youtube.com\/channel\/UCpQexQ_7lSnd4-BERfis2pQ"]}]}},"_links":{"self":[{"href":"https:\/\/www.wampole.ca\/fr\/wp-json\/wp\/v2\/product\/4558","targetHints":{"allow":["GET"]}}],"collection":[{"href":"https:\/\/www.wampole.ca\/fr\/wp-json\/wp\/v2\/product"}],"about":[{"href":"https:\/\/www.wampole.ca\/fr\/wp-json\/wp\/v2\/types\/product"}],"replies":[{"embeddable":true,"href":"https:\/\/www.wampole.ca\/fr\/wp-json\/wp\/v2\/comments?post=4558"}],"wp:featuredmedia":[{"embeddable":true,"href":"https:\/\/www.wampole.ca\/fr\/wp-json\/wp\/v2\/media\/4233"}],"wp:attachment":[{"href":"https:\/\/www.wampole.ca\/fr\/wp-json\/wp\/v2\/media?parent=4558"}],"wp:term":[{"taxonomy":"product_brand","embeddable":true,"href":"https:\/\/www.wampole.ca\/fr\/wp-json\/wp\/v2\/product_brand?post=4558"},{"taxonomy":"product_cat","embeddable":true,"href":"https:\/\/www.wampole.ca\/fr\/wp-json\/wp\/v2\/product_cat?post=4558"},{"taxonomy":"product_tag","embeddable":true,"href":"https:\/\/www.wampole.ca\/fr\/wp-json\/wp\/v2\/product_tag?post=4558"}],"curies":[{"name":"wp","href":"https:\/\/api.w.org\/{rel}","templated":true}]}}