{"id":11214,"date":"2024-05-09T14:56:22","date_gmt":"2024-05-09T18:56:22","guid":{"rendered":"https:\/\/www.wampole.ca\/?post_type=product&#038;p=11214"},"modified":"2025-06-05T16:27:02","modified_gmt":"2025-06-05T20:27:02","slug":"nettoyant-doux-tete-aux-pieds","status":"publish","type":"product","link":"https:\/\/www.wampole.ca\/fr\/produit\/nettoyant-doux-tete-aux-pieds\/","title":{"rendered":"Nettoyant doux t\u00eate aux pieds"},"content":{"rendered":"<p><span style=\"color: #000000;\">Notre doux shampooing de la t\u00eate aux pieds est fabriqu\u00e9 avec 98% d\u2019ingr\u00e9dients naturels. Hypoallerg\u00e9nique, et formul\u00e9 pour les peaux sensibles, il offre un moment de nettoyage tout en douceur, sans larmes, pour votre tout-petit.<\/span><\/p>\n<ul>\n<li><span style=\"color: #000000;\">98% d\u2019ingr\u00e9dients naturels<\/span><\/li>\n<li><span style=\"color: #000000;\">Sans larmes<\/span><\/li>\n<li><span style=\"color: #000000;\">Hypoallerg\u00e9nique et test\u00e9 par les dermatologues<\/span><\/li>\n<li><span style=\"color: #000000;\">Sans parab\u00e8nes, phtalates ni sulfates<\/span><\/li>\n<li><span style=\"color: #000000;\">Douce odeur de lavande<\/span><\/li>\n<li><span style=\"color: #000000;\">250 mL<\/span><\/li>\n<\/ul>\n","protected":false},"excerpt":{"rendered":"<p>Notre doux shampooing de la t\u00eate aux pieds est fabriqu\u00e9 avec 98% d\u2019ingr\u00e9dients naturels. Hypoallerg\u00e9nique, et formul\u00e9 pour les peaux sensibles, il offre un moment de nettoyage tout en douceur, sans larmes, pour votre tout-petit. 98% d\u2019ingr\u00e9dients naturels Sans larmes Hypoallerg\u00e9nique et test\u00e9 par les dermatologues Sans parab\u00e8nes, phtalates ni sulfates Douce odeur de lavande [&hellip;]<\/p>\n","protected":false},"featured_media":11220,"comment_status":"closed","ping_status":"closed","template":"","meta":{"_acf_changed":false},"product_brand":[],"product_cat":[446,447,445,388,349],"product_tag":[431],"class_list":{"0":"post-11214","1":"product","2":"type-product","3":"status-publish","4":"has-post-thumbnail","6":"product_cat-fabrique-au-quebec","7":"product_cat-fabrique-au-canada","8":"product_cat-fabrique-localement","9":"product_cat-soins-fr","10":"product_cat-enfants","11":"product_tag-nettoyant","12":"wl_wc_brands-adorable","13":"wl_wc_benefits-soins","14":"wl_wc_formats-creme-lotion","15":"wl_wc_dnc-sans-couleur-artificielle","16":"wl_wc_dnc-sans-parabenes-sulfates-phtalates","17":"wl_wc_dnc-sans-parfum-artificiel","19":"first","20":"instock","21":"taxable","22":"shipping-taxable","23":"purchasable","24":"product-type-simple"},"acf":[],"yoast_head":"<!-- This site is optimized with the Yoast SEO plugin v26.8 - https:\/\/yoast.com\/product\/yoast-seo-wordpress\/ -->\n<title>Nettoyant doux t\u00eate aux pieds - Wampole<\/title>\n<meta name=\"robots\" content=\"index, follow, max-snippet:-1, max-image-preview:large, max-video-preview:-1\" \/>\n<link rel=\"canonical\" href=\"https:\/\/www.wampole.ca\/produit\/gentle-wash-head-toe\/\" \/>\n<meta property=\"og:locale\" content=\"fr_FR\" \/>\n<meta property=\"og:type\" content=\"article\" \/>\n<meta property=\"og:title\" content=\"Nettoyant doux t\u00eate aux pieds - Wampole\" \/>\n<meta property=\"og:description\" content=\"Notre doux shampooing de la t\u00eate aux pieds est fabriqu\u00e9 avec 98% d\u2019ingr\u00e9dients naturels. Hypoallerg\u00e9nique, et formul\u00e9 pour les peaux sensibles, il offre un moment de nettoyage tout en douceur, sans larmes, pour votre tout-petit. 98% d\u2019ingr\u00e9dients naturels Sans larmes Hypoallerg\u00e9nique et test\u00e9 par les dermatologues Sans parab\u00e8nes, phtalates ni sulfates Douce odeur de lavande [&hellip;]\" \/>\n<meta property=\"og:url\" content=\"https:\/\/www.wampole.ca\/produit\/gentle-wash-head-toe\/\" \/>\n<meta property=\"og:site_name\" content=\"Wampole\" \/>\n<meta property=\"article:publisher\" content=\"https:\/\/www.facebook.com\/WampoleInc\/\" \/>\n<meta property=\"article:modified_time\" content=\"2025-06-05T20:27:02+00:00\" \/>\n<meta property=\"og:image\" content=\"https:\/\/www.wampole.ca\/wp-content\/uploads\/2024\/05\/Adorable_Care_3D_Nettoyant.png\" \/>\n\t<meta property=\"og:image:width\" content=\"1920\" \/>\n\t<meta property=\"og:image:height\" content=\"1920\" \/>\n\t<meta property=\"og:image:type\" content=\"image\/png\" \/>\n<meta name=\"twitter:card\" content=\"summary_large_image\" \/>\n<meta name=\"twitter:label1\" content=\"Dur\u00e9e de lecture estim\u00e9e\" \/>\n\t<meta name=\"twitter:data1\" content=\"1 minute\" \/>\n<script type=\"application\/ld+json\" class=\"yoast-schema-graph\">{\"@context\":\"https:\/\/schema.org\",\"@graph\":[{\"@type\":\"WebPage\",\"@id\":\"https:\/\/www.wampole.ca\/produit\/gentle-wash-head-toe\/\",\"url\":\"https:\/\/www.wampole.ca\/produit\/gentle-wash-head-toe\/\",\"name\":\"Nettoyant doux t\u00eate aux pieds - Wampole\",\"isPartOf\":{\"@id\":\"https:\/\/www.wampole.ca\/#website\"},\"primaryImageOfPage\":{\"@id\":\"https:\/\/www.wampole.ca\/produit\/gentle-wash-head-toe\/#primaryimage\"},\"image\":{\"@id\":\"https:\/\/www.wampole.ca\/produit\/gentle-wash-head-toe\/#primaryimage\"},\"thumbnailUrl\":\"https:\/\/www.wampole.ca\/wp-content\/uploads\/2024\/05\/Adorable_Care_3D_Nettoyant.png\",\"datePublished\":\"2024-05-09T18:56:22+00:00\",\"dateModified\":\"2025-06-05T20:27:02+00:00\",\"breadcrumb\":{\"@id\":\"https:\/\/www.wampole.ca\/produit\/gentle-wash-head-toe\/#breadcrumb\"},\"inLanguage\":\"fr-FR\",\"potentialAction\":[{\"@type\":\"ReadAction\",\"target\":[\"https:\/\/www.wampole.ca\/produit\/gentle-wash-head-toe\/\"]}]},{\"@type\":\"ImageObject\",\"inLanguage\":\"fr-FR\",\"@id\":\"https:\/\/www.wampole.ca\/produit\/gentle-wash-head-toe\/#primaryimage\",\"url\":\"https:\/\/www.wampole.ca\/wp-content\/uploads\/2024\/05\/Adorable_Care_3D_Nettoyant.png\",\"contentUrl\":\"https:\/\/www.wampole.ca\/wp-content\/uploads\/2024\/05\/Adorable_Care_3D_Nettoyant.png\",\"width\":1920,\"height\":1920},{\"@type\":\"BreadcrumbList\",\"@id\":\"https:\/\/www.wampole.ca\/produit\/gentle-wash-head-toe\/#breadcrumb\",\"itemListElement\":[{\"@type\":\"ListItem\",\"position\":1,\"name\":\"Accueil\",\"item\":\"https:\/\/www.wampole.ca\/fr\/\"},{\"@type\":\"ListItem\",\"position\":2,\"name\":\"Boutique (not used)\",\"item\":\"https:\/\/www.wampole.ca\/fr\/boutique\/\"},{\"@type\":\"ListItem\",\"position\":3,\"name\":\"Nettoyant doux t\u00eate aux pieds\"}]},{\"@type\":\"WebSite\",\"@id\":\"https:\/\/www.wampole.ca\/#website\",\"url\":\"https:\/\/www.wampole.ca\/\",\"name\":\"Wampole\",\"description\":\"\",\"publisher\":{\"@id\":\"https:\/\/www.wampole.ca\/#organization\"},\"potentialAction\":[{\"@type\":\"SearchAction\",\"target\":{\"@type\":\"EntryPoint\",\"urlTemplate\":\"https:\/\/www.wampole.ca\/?s={search_term_string}\"},\"query-input\":{\"@type\":\"PropertyValueSpecification\",\"valueRequired\":true,\"valueName\":\"search_term_string\"}}],\"inLanguage\":\"fr-FR\"},{\"@type\":\"Organization\",\"@id\":\"https:\/\/www.wampole.ca\/#organization\",\"name\":\"Wampole\",\"url\":\"https:\/\/www.wampole.ca\/\",\"logo\":{\"@type\":\"ImageObject\",\"inLanguage\":\"fr-FR\",\"@id\":\"https:\/\/www.wampole.ca\/#\/schema\/logo\/image\/\",\"url\":\"https:\/\/www.wampole.ca\/wp-content\/uploads\/2022\/03\/WAMPOLE_Logo-EN.png\",\"contentUrl\":\"https:\/\/www.wampole.ca\/wp-content\/uploads\/2022\/03\/WAMPOLE_Logo-EN.png\",\"width\":3300,\"height\":1053,\"caption\":\"Wampole\"},\"image\":{\"@id\":\"https:\/\/www.wampole.ca\/#\/schema\/logo\/image\/\"},\"sameAs\":[\"https:\/\/www.facebook.com\/WampoleInc\/\",\"https:\/\/www.youtube.com\/channel\/UCpQexQ_7lSnd4-BERfis2pQ\"]}]}<\/script>\n<!-- \/ Yoast SEO plugin. -->","yoast_head_json":{"title":"Nettoyant doux t\u00eate aux pieds - Wampole","robots":{"index":"index","follow":"follow","max-snippet":"max-snippet:-1","max-image-preview":"max-image-preview:large","max-video-preview":"max-video-preview:-1"},"canonical":"https:\/\/www.wampole.ca\/produit\/gentle-wash-head-toe\/","og_locale":"fr_FR","og_type":"article","og_title":"Nettoyant doux t\u00eate aux pieds - Wampole","og_description":"Notre doux shampooing de la t\u00eate aux pieds est fabriqu\u00e9 avec 98% d\u2019ingr\u00e9dients naturels. Hypoallerg\u00e9nique, et formul\u00e9 pour les peaux sensibles, il offre un moment de nettoyage tout en douceur, sans larmes, pour votre tout-petit. 98% d\u2019ingr\u00e9dients naturels Sans larmes Hypoallerg\u00e9nique et test\u00e9 par les dermatologues Sans parab\u00e8nes, phtalates ni sulfates Douce odeur de lavande [&hellip;]","og_url":"https:\/\/www.wampole.ca\/produit\/gentle-wash-head-toe\/","og_site_name":"Wampole","article_publisher":"https:\/\/www.facebook.com\/WampoleInc\/","article_modified_time":"2025-06-05T20:27:02+00:00","og_image":[{"width":1920,"height":1920,"url":"https:\/\/www.wampole.ca\/wp-content\/uploads\/2024\/05\/Adorable_Care_3D_Nettoyant.png","type":"image\/png"}],"twitter_card":"summary_large_image","twitter_misc":{"Dur\u00e9e de lecture estim\u00e9e":"1 minute"},"schema":{"@context":"https:\/\/schema.org","@graph":[{"@type":"WebPage","@id":"https:\/\/www.wampole.ca\/produit\/gentle-wash-head-toe\/","url":"https:\/\/www.wampole.ca\/produit\/gentle-wash-head-toe\/","name":"Nettoyant doux t\u00eate aux pieds - Wampole","isPartOf":{"@id":"https:\/\/www.wampole.ca\/#website"},"primaryImageOfPage":{"@id":"https:\/\/www.wampole.ca\/produit\/gentle-wash-head-toe\/#primaryimage"},"image":{"@id":"https:\/\/www.wampole.ca\/produit\/gentle-wash-head-toe\/#primaryimage"},"thumbnailUrl":"https:\/\/www.wampole.ca\/wp-content\/uploads\/2024\/05\/Adorable_Care_3D_Nettoyant.png","datePublished":"2024-05-09T18:56:22+00:00","dateModified":"2025-06-05T20:27:02+00:00","breadcrumb":{"@id":"https:\/\/www.wampole.ca\/produit\/gentle-wash-head-toe\/#breadcrumb"},"inLanguage":"fr-FR","potentialAction":[{"@type":"ReadAction","target":["https:\/\/www.wampole.ca\/produit\/gentle-wash-head-toe\/"]}]},{"@type":"ImageObject","inLanguage":"fr-FR","@id":"https:\/\/www.wampole.ca\/produit\/gentle-wash-head-toe\/#primaryimage","url":"https:\/\/www.wampole.ca\/wp-content\/uploads\/2024\/05\/Adorable_Care_3D_Nettoyant.png","contentUrl":"https:\/\/www.wampole.ca\/wp-content\/uploads\/2024\/05\/Adorable_Care_3D_Nettoyant.png","width":1920,"height":1920},{"@type":"BreadcrumbList","@id":"https:\/\/www.wampole.ca\/produit\/gentle-wash-head-toe\/#breadcrumb","itemListElement":[{"@type":"ListItem","position":1,"name":"Accueil","item":"https:\/\/www.wampole.ca\/fr\/"},{"@type":"ListItem","position":2,"name":"Boutique (not used)","item":"https:\/\/www.wampole.ca\/fr\/boutique\/"},{"@type":"ListItem","position":3,"name":"Nettoyant doux t\u00eate aux pieds"}]},{"@type":"WebSite","@id":"https:\/\/www.wampole.ca\/#website","url":"https:\/\/www.wampole.ca\/","name":"Wampole","description":"","publisher":{"@id":"https:\/\/www.wampole.ca\/#organization"},"potentialAction":[{"@type":"SearchAction","target":{"@type":"EntryPoint","urlTemplate":"https:\/\/www.wampole.ca\/?s={search_term_string}"},"query-input":{"@type":"PropertyValueSpecification","valueRequired":true,"valueName":"search_term_string"}}],"inLanguage":"fr-FR"},{"@type":"Organization","@id":"https:\/\/www.wampole.ca\/#organization","name":"Wampole","url":"https:\/\/www.wampole.ca\/","logo":{"@type":"ImageObject","inLanguage":"fr-FR","@id":"https:\/\/www.wampole.ca\/#\/schema\/logo\/image\/","url":"https:\/\/www.wampole.ca\/wp-content\/uploads\/2022\/03\/WAMPOLE_Logo-EN.png","contentUrl":"https:\/\/www.wampole.ca\/wp-content\/uploads\/2022\/03\/WAMPOLE_Logo-EN.png","width":3300,"height":1053,"caption":"Wampole"},"image":{"@id":"https:\/\/www.wampole.ca\/#\/schema\/logo\/image\/"},"sameAs":["https:\/\/www.facebook.com\/WampoleInc\/","https:\/\/www.youtube.com\/channel\/UCpQexQ_7lSnd4-BERfis2pQ"]}]}},"_links":{"self":[{"href":"https:\/\/www.wampole.ca\/fr\/wp-json\/wp\/v2\/product\/11214","targetHints":{"allow":["GET"]}}],"collection":[{"href":"https:\/\/www.wampole.ca\/fr\/wp-json\/wp\/v2\/product"}],"about":[{"href":"https:\/\/www.wampole.ca\/fr\/wp-json\/wp\/v2\/types\/product"}],"replies":[{"embeddable":true,"href":"https:\/\/www.wampole.ca\/fr\/wp-json\/wp\/v2\/comments?post=11214"}],"wp:featuredmedia":[{"embeddable":true,"href":"https:\/\/www.wampole.ca\/fr\/wp-json\/wp\/v2\/media\/11220"}],"wp:attachment":[{"href":"https:\/\/www.wampole.ca\/fr\/wp-json\/wp\/v2\/media?parent=11214"}],"wp:term":[{"taxonomy":"product_brand","embeddable":true,"href":"https:\/\/www.wampole.ca\/fr\/wp-json\/wp\/v2\/product_brand?post=11214"},{"taxonomy":"product_cat","embeddable":true,"href":"https:\/\/www.wampole.ca\/fr\/wp-json\/wp\/v2\/product_cat?post=11214"},{"taxonomy":"product_tag","embeddable":true,"href":"https:\/\/www.wampole.ca\/fr\/wp-json\/wp\/v2\/product_tag?post=11214"}],"curies":[{"name":"wp","href":"https:\/\/api.w.org\/{rel}","templated":true}]}}