{"id":10890,"date":"2024-04-23T22:22:35","date_gmt":"2024-04-24T02:22:35","guid":{"rendered":"https:\/\/www.wampole.ca\/?post_type=product&#038;p=10890"},"modified":"2025-06-05T16:26:21","modified_gmt":"2025-06-05T20:26:21","slug":"lotion-corporelle","status":"publish","type":"product","link":"https:\/\/www.wampole.ca\/fr\/produit\/lotion-corporelle\/","title":{"rendered":"Lotion corporelle hydratante"},"content":{"rendered":"<p data-sourcepos=\"1:1-1:372\">Offrez un moment de douceur \u00e0 votre tout-petit avec notre Lotion corporelle hydratante. Enrichie d&rsquo;avoine apaisante, d&rsquo;alo\u00e8s hydratant et de lavande calmante, elle est con\u00e7ue pour prendre soin de la peau d\u00e9licate de votre enfant apr\u00e8s le bain. Parce que chaque moment avec votre tout-petit m\u00e9rite le plus grand soin, offrez-lui le meilleur avec notre lotion non irritante et adapt\u00e9e aux peaux les plus sensibles.<\/p>\n<ul>\n<li>98% d\u2019ingr\u00e9dients naturels<\/li>\n<li>Hypoallerg\u00e9nique et test\u00e9e par les dermatologues<\/li>\n<li>Sans parab\u00e8nes, phtalates ni sulfates<\/li>\n<li>Douce odeur de lavande<\/li>\n<li>250 mL<\/li>\n<\/ul>\n","protected":false},"excerpt":{"rendered":"<p>Offrez un moment de douceur \u00e0 votre tout-petit avec notre Lotion corporelle hydratante. Enrichie d&rsquo;avoine apaisante, d&rsquo;alo\u00e8s hydratant et de lavande calmante, elle est con\u00e7ue pour prendre soin de la peau d\u00e9licate de votre enfant apr\u00e8s le bain. Parce que chaque moment avec votre tout-petit m\u00e9rite le plus grand soin, offrez-lui le meilleur avec notre [&hellip;]<\/p>\n","protected":false},"featured_media":11204,"comment_status":"closed","ping_status":"closed","template":"","meta":{"_acf_changed":false},"product_brand":[],"product_cat":[446,447,445,388,349],"product_tag":[423],"class_list":{"0":"post-10890","1":"product","2":"type-product","3":"status-publish","4":"has-post-thumbnail","6":"product_cat-fabrique-au-quebec","7":"product_cat-fabrique-au-canada","8":"product_cat-fabrique-localement","9":"product_cat-soins-fr","10":"product_cat-enfants","11":"product_tag-adorable-lotion-en-fr","12":"wl_wc_brands-adorable","13":"wl_wc_benefits-soins","14":"wl_wc_formats-creme-lotion","15":"wl_wc_dnc-sans-colorants","16":"wl_wc_dnc-sans-parabenes-sulfates-phtalates","17":"wl_wc_dnc-sans-parfum-artificiel","19":"first","20":"instock","21":"taxable","22":"shipping-taxable","23":"purchasable","24":"product-type-simple"},"acf":[],"yoast_head":"<!-- This site is optimized with the Yoast SEO plugin v26.8 - https:\/\/yoast.com\/product\/yoast-seo-wordpress\/ -->\n<title>Lotion corporelle hydratante - Wampole<\/title>\n<meta name=\"robots\" content=\"index, follow, max-snippet:-1, max-image-preview:large, max-video-preview:-1\" \/>\n<link rel=\"canonical\" href=\"https:\/\/www.wampole.ca\/produit\/hydrating-body-lotion\/\" \/>\n<meta property=\"og:locale\" content=\"fr_FR\" \/>\n<meta property=\"og:type\" content=\"article\" \/>\n<meta property=\"og:title\" content=\"Lotion corporelle hydratante - Wampole\" \/>\n<meta property=\"og:description\" content=\"Offrez un moment de douceur \u00e0 votre tout-petit avec notre Lotion corporelle hydratante. Enrichie d&rsquo;avoine apaisante, d&rsquo;alo\u00e8s hydratant et de lavande calmante, elle est con\u00e7ue pour prendre soin de la peau d\u00e9licate de votre enfant apr\u00e8s le bain. Parce que chaque moment avec votre tout-petit m\u00e9rite le plus grand soin, offrez-lui le meilleur avec notre [&hellip;]\" \/>\n<meta property=\"og:url\" content=\"https:\/\/www.wampole.ca\/produit\/hydrating-body-lotion\/\" \/>\n<meta property=\"og:site_name\" content=\"Wampole\" \/>\n<meta property=\"article:publisher\" content=\"https:\/\/www.facebook.com\/WampoleInc\/\" \/>\n<meta property=\"article:modified_time\" content=\"2025-06-05T20:26:21+00:00\" \/>\n<meta property=\"og:image\" content=\"https:\/\/www.wampole.ca\/wp-content\/uploads\/2024\/04\/Adorable_Care_3D_Lotion-1.png\" \/>\n\t<meta property=\"og:image:width\" content=\"1920\" \/>\n\t<meta property=\"og:image:height\" content=\"1920\" \/>\n\t<meta property=\"og:image:type\" content=\"image\/png\" \/>\n<meta name=\"twitter:card\" content=\"summary_large_image\" \/>\n<meta name=\"twitter:label1\" content=\"Dur\u00e9e de lecture estim\u00e9e\" \/>\n\t<meta name=\"twitter:data1\" content=\"1 minute\" \/>\n<script type=\"application\/ld+json\" class=\"yoast-schema-graph\">{\"@context\":\"https:\/\/schema.org\",\"@graph\":[{\"@type\":\"WebPage\",\"@id\":\"https:\/\/www.wampole.ca\/produit\/hydrating-body-lotion\/\",\"url\":\"https:\/\/www.wampole.ca\/produit\/hydrating-body-lotion\/\",\"name\":\"Lotion corporelle hydratante - Wampole\",\"isPartOf\":{\"@id\":\"https:\/\/www.wampole.ca\/#website\"},\"primaryImageOfPage\":{\"@id\":\"https:\/\/www.wampole.ca\/produit\/hydrating-body-lotion\/#primaryimage\"},\"image\":{\"@id\":\"https:\/\/www.wampole.ca\/produit\/hydrating-body-lotion\/#primaryimage\"},\"thumbnailUrl\":\"https:\/\/www.wampole.ca\/wp-content\/uploads\/2024\/04\/Adorable_Care_3D_Lotion-1.png\",\"datePublished\":\"2024-04-24T02:22:35+00:00\",\"dateModified\":\"2025-06-05T20:26:21+00:00\",\"breadcrumb\":{\"@id\":\"https:\/\/www.wampole.ca\/produit\/hydrating-body-lotion\/#breadcrumb\"},\"inLanguage\":\"fr-FR\",\"potentialAction\":[{\"@type\":\"ReadAction\",\"target\":[\"https:\/\/www.wampole.ca\/produit\/hydrating-body-lotion\/\"]}]},{\"@type\":\"ImageObject\",\"inLanguage\":\"fr-FR\",\"@id\":\"https:\/\/www.wampole.ca\/produit\/hydrating-body-lotion\/#primaryimage\",\"url\":\"https:\/\/www.wampole.ca\/wp-content\/uploads\/2024\/04\/Adorable_Care_3D_Lotion-1.png\",\"contentUrl\":\"https:\/\/www.wampole.ca\/wp-content\/uploads\/2024\/04\/Adorable_Care_3D_Lotion-1.png\",\"width\":1920,\"height\":1920,\"caption\":\"Adorable Lotion Corporelle Hydratante\"},{\"@type\":\"BreadcrumbList\",\"@id\":\"https:\/\/www.wampole.ca\/produit\/hydrating-body-lotion\/#breadcrumb\",\"itemListElement\":[{\"@type\":\"ListItem\",\"position\":1,\"name\":\"Accueil\",\"item\":\"https:\/\/www.wampole.ca\/fr\/\"},{\"@type\":\"ListItem\",\"position\":2,\"name\":\"Boutique (not used)\",\"item\":\"https:\/\/www.wampole.ca\/fr\/boutique\/\"},{\"@type\":\"ListItem\",\"position\":3,\"name\":\"Lotion corporelle hydratante\"}]},{\"@type\":\"WebSite\",\"@id\":\"https:\/\/www.wampole.ca\/#website\",\"url\":\"https:\/\/www.wampole.ca\/\",\"name\":\"Wampole\",\"description\":\"\",\"publisher\":{\"@id\":\"https:\/\/www.wampole.ca\/#organization\"},\"potentialAction\":[{\"@type\":\"SearchAction\",\"target\":{\"@type\":\"EntryPoint\",\"urlTemplate\":\"https:\/\/www.wampole.ca\/?s={search_term_string}\"},\"query-input\":{\"@type\":\"PropertyValueSpecification\",\"valueRequired\":true,\"valueName\":\"search_term_string\"}}],\"inLanguage\":\"fr-FR\"},{\"@type\":\"Organization\",\"@id\":\"https:\/\/www.wampole.ca\/#organization\",\"name\":\"Wampole\",\"url\":\"https:\/\/www.wampole.ca\/\",\"logo\":{\"@type\":\"ImageObject\",\"inLanguage\":\"fr-FR\",\"@id\":\"https:\/\/www.wampole.ca\/#\/schema\/logo\/image\/\",\"url\":\"https:\/\/www.wampole.ca\/wp-content\/uploads\/2022\/03\/WAMPOLE_Logo-EN.png\",\"contentUrl\":\"https:\/\/www.wampole.ca\/wp-content\/uploads\/2022\/03\/WAMPOLE_Logo-EN.png\",\"width\":3300,\"height\":1053,\"caption\":\"Wampole\"},\"image\":{\"@id\":\"https:\/\/www.wampole.ca\/#\/schema\/logo\/image\/\"},\"sameAs\":[\"https:\/\/www.facebook.com\/WampoleInc\/\",\"https:\/\/www.youtube.com\/channel\/UCpQexQ_7lSnd4-BERfis2pQ\"]}]}<\/script>\n<!-- \/ Yoast SEO plugin. -->","yoast_head_json":{"title":"Lotion corporelle hydratante - Wampole","robots":{"index":"index","follow":"follow","max-snippet":"max-snippet:-1","max-image-preview":"max-image-preview:large","max-video-preview":"max-video-preview:-1"},"canonical":"https:\/\/www.wampole.ca\/produit\/hydrating-body-lotion\/","og_locale":"fr_FR","og_type":"article","og_title":"Lotion corporelle hydratante - Wampole","og_description":"Offrez un moment de douceur \u00e0 votre tout-petit avec notre Lotion corporelle hydratante. Enrichie d&rsquo;avoine apaisante, d&rsquo;alo\u00e8s hydratant et de lavande calmante, elle est con\u00e7ue pour prendre soin de la peau d\u00e9licate de votre enfant apr\u00e8s le bain. Parce que chaque moment avec votre tout-petit m\u00e9rite le plus grand soin, offrez-lui le meilleur avec notre [&hellip;]","og_url":"https:\/\/www.wampole.ca\/produit\/hydrating-body-lotion\/","og_site_name":"Wampole","article_publisher":"https:\/\/www.facebook.com\/WampoleInc\/","article_modified_time":"2025-06-05T20:26:21+00:00","og_image":[{"width":1920,"height":1920,"url":"https:\/\/www.wampole.ca\/wp-content\/uploads\/2024\/04\/Adorable_Care_3D_Lotion-1.png","type":"image\/png"}],"twitter_card":"summary_large_image","twitter_misc":{"Dur\u00e9e de lecture estim\u00e9e":"1 minute"},"schema":{"@context":"https:\/\/schema.org","@graph":[{"@type":"WebPage","@id":"https:\/\/www.wampole.ca\/produit\/hydrating-body-lotion\/","url":"https:\/\/www.wampole.ca\/produit\/hydrating-body-lotion\/","name":"Lotion corporelle hydratante - Wampole","isPartOf":{"@id":"https:\/\/www.wampole.ca\/#website"},"primaryImageOfPage":{"@id":"https:\/\/www.wampole.ca\/produit\/hydrating-body-lotion\/#primaryimage"},"image":{"@id":"https:\/\/www.wampole.ca\/produit\/hydrating-body-lotion\/#primaryimage"},"thumbnailUrl":"https:\/\/www.wampole.ca\/wp-content\/uploads\/2024\/04\/Adorable_Care_3D_Lotion-1.png","datePublished":"2024-04-24T02:22:35+00:00","dateModified":"2025-06-05T20:26:21+00:00","breadcrumb":{"@id":"https:\/\/www.wampole.ca\/produit\/hydrating-body-lotion\/#breadcrumb"},"inLanguage":"fr-FR","potentialAction":[{"@type":"ReadAction","target":["https:\/\/www.wampole.ca\/produit\/hydrating-body-lotion\/"]}]},{"@type":"ImageObject","inLanguage":"fr-FR","@id":"https:\/\/www.wampole.ca\/produit\/hydrating-body-lotion\/#primaryimage","url":"https:\/\/www.wampole.ca\/wp-content\/uploads\/2024\/04\/Adorable_Care_3D_Lotion-1.png","contentUrl":"https:\/\/www.wampole.ca\/wp-content\/uploads\/2024\/04\/Adorable_Care_3D_Lotion-1.png","width":1920,"height":1920,"caption":"Adorable Lotion Corporelle Hydratante"},{"@type":"BreadcrumbList","@id":"https:\/\/www.wampole.ca\/produit\/hydrating-body-lotion\/#breadcrumb","itemListElement":[{"@type":"ListItem","position":1,"name":"Accueil","item":"https:\/\/www.wampole.ca\/fr\/"},{"@type":"ListItem","position":2,"name":"Boutique (not used)","item":"https:\/\/www.wampole.ca\/fr\/boutique\/"},{"@type":"ListItem","position":3,"name":"Lotion corporelle hydratante"}]},{"@type":"WebSite","@id":"https:\/\/www.wampole.ca\/#website","url":"https:\/\/www.wampole.ca\/","name":"Wampole","description":"","publisher":{"@id":"https:\/\/www.wampole.ca\/#organization"},"potentialAction":[{"@type":"SearchAction","target":{"@type":"EntryPoint","urlTemplate":"https:\/\/www.wampole.ca\/?s={search_term_string}"},"query-input":{"@type":"PropertyValueSpecification","valueRequired":true,"valueName":"search_term_string"}}],"inLanguage":"fr-FR"},{"@type":"Organization","@id":"https:\/\/www.wampole.ca\/#organization","name":"Wampole","url":"https:\/\/www.wampole.ca\/","logo":{"@type":"ImageObject","inLanguage":"fr-FR","@id":"https:\/\/www.wampole.ca\/#\/schema\/logo\/image\/","url":"https:\/\/www.wampole.ca\/wp-content\/uploads\/2022\/03\/WAMPOLE_Logo-EN.png","contentUrl":"https:\/\/www.wampole.ca\/wp-content\/uploads\/2022\/03\/WAMPOLE_Logo-EN.png","width":3300,"height":1053,"caption":"Wampole"},"image":{"@id":"https:\/\/www.wampole.ca\/#\/schema\/logo\/image\/"},"sameAs":["https:\/\/www.facebook.com\/WampoleInc\/","https:\/\/www.youtube.com\/channel\/UCpQexQ_7lSnd4-BERfis2pQ"]}]}},"_links":{"self":[{"href":"https:\/\/www.wampole.ca\/fr\/wp-json\/wp\/v2\/product\/10890","targetHints":{"allow":["GET"]}}],"collection":[{"href":"https:\/\/www.wampole.ca\/fr\/wp-json\/wp\/v2\/product"}],"about":[{"href":"https:\/\/www.wampole.ca\/fr\/wp-json\/wp\/v2\/types\/product"}],"replies":[{"embeddable":true,"href":"https:\/\/www.wampole.ca\/fr\/wp-json\/wp\/v2\/comments?post=10890"}],"wp:featuredmedia":[{"embeddable":true,"href":"https:\/\/www.wampole.ca\/fr\/wp-json\/wp\/v2\/media\/11204"}],"wp:attachment":[{"href":"https:\/\/www.wampole.ca\/fr\/wp-json\/wp\/v2\/media?parent=10890"}],"wp:term":[{"taxonomy":"product_brand","embeddable":true,"href":"https:\/\/www.wampole.ca\/fr\/wp-json\/wp\/v2\/product_brand?post=10890"},{"taxonomy":"product_cat","embeddable":true,"href":"https:\/\/www.wampole.ca\/fr\/wp-json\/wp\/v2\/product_cat?post=10890"},{"taxonomy":"product_tag","embeddable":true,"href":"https:\/\/www.wampole.ca\/fr\/wp-json\/wp\/v2\/product_tag?post=10890"}],"curies":[{"name":"wp","href":"https:\/\/api.w.org\/{rel}","templated":true}]}}