{"id":15775,"date":"2026-02-12T09:43:35","date_gmt":"2026-02-12T14:43:35","guid":{"rendered":"https:\/\/www.wampole.ca\/?page_id=15775"},"modified":"2026-02-12T10:02:01","modified_gmt":"2026-02-12T15:02:01","slug":"wampole-concours-printemps-2026","status":"publish","type":"page","link":"https:\/\/www.wampole.ca\/fr\/wampole-concours-printemps-2026\/","title":{"rendered":"WAMPOLE &#8211; Concours printemps 2026"},"content":{"rendered":"\t\t<div data-elementor-type=\"wp-page\" data-elementor-id=\"15775\" class=\"elementor elementor-15775 elementor-15771\" data-elementor-post-type=\"page\">\n\t\t\t\t\t\t<section class=\"elementor-section elementor-top-section elementor-element elementor-element-74925de elementor-section-boxed elementor-section-height-default elementor-section-height-default\" data-id=\"74925de\" data-element_type=\"section\" data-e-type=\"section\">\n\t\t\t\t\t\t<div class=\"elementor-container elementor-column-gap-default\">\n\t\t\t\t\t<div class=\"elementor-column elementor-col-100 elementor-top-column elementor-element elementor-element-0c9a66d\" data-id=\"0c9a66d\" data-element_type=\"column\" data-e-type=\"column\">\n\t\t\t<div class=\"elementor-widget-wrap elementor-element-populated\">\n\t\t\t\t\t\t<div class=\"elementor-element elementor-element-b60acbf elementor-widget elementor-widget-heading\" data-id=\"b60acbf\" data-element_type=\"widget\" data-e-type=\"widget\" data-widget_type=\"heading.default\">\n\t\t\t\t<div class=\"elementor-widget-container\">\n\t\t\t\t\t<h2 class=\"elementor-heading-title elementor-size-default\"><span style=\"font-family: Lato, sans-serif;font-size: 30px\">Participez au concours pour courir la chance de gagner une carte-cadeau de 50$!<\/span><\/h2>\t\t\t\t<\/div>\n\t\t\t\t<\/div>\n\t\t\t\t\t<\/div>\n\t\t<\/div>\n\t\t\t\t\t<\/div>\n\t\t<\/section>\n\t\t\t\t<section class=\"elementor-section elementor-top-section elementor-element elementor-element-418fab4 elementor-section-boxed elementor-section-height-default elementor-section-height-default\" data-id=\"418fab4\" data-element_type=\"section\" data-e-type=\"section\">\n\t\t\t\t\t\t<div class=\"elementor-container elementor-column-gap-default\">\n\t\t\t\t\t<div class=\"elementor-column elementor-col-50 elementor-top-column elementor-element elementor-element-5ff9bf9\" data-id=\"5ff9bf9\" data-element_type=\"column\" data-e-type=\"column\">\n\t\t\t<div class=\"elementor-widget-wrap elementor-element-populated\">\n\t\t\t\t\t\t<div class=\"elementor-element elementor-element-bf260d4 elementor-widget elementor-widget-image\" data-id=\"bf260d4\" data-element_type=\"widget\" data-e-type=\"widget\" data-widget_type=\"image.default\">\n\t\t\t\t<div class=\"elementor-widget-container\">\n\t\t\t\t\t\t\t\t\t\t\t\t\t\t\t<img fetchpriority=\"high\" decoding=\"async\" width=\"800\" height=\"1000\" src=\"https:\/\/www.wampole.ca\/wp-content\/uploads\/2026\/02\/313.png\" class=\"attachment-large size-large wp-image-15770\" alt=\"\" srcset=\"https:\/\/www.wampole.ca\/wp-content\/uploads\/2026\/02\/313.png 800w, https:\/\/www.wampole.ca\/wp-content\/uploads\/2026\/02\/313-240x300.png 240w, https:\/\/www.wampole.ca\/wp-content\/uploads\/2026\/02\/313-768x960.png 768w, https:\/\/www.wampole.ca\/wp-content\/uploads\/2026\/02\/313-600x750.png 600w\" sizes=\"(max-width: 800px) 100vw, 800px\" \/>\t\t\t\t\t\t\t\t\t\t\t\t\t\t\t<\/div>\n\t\t\t\t<\/div>\n\t\t\t\t\t<\/div>\n\t\t<\/div>\n\t\t\t\t<div class=\"elementor-column elementor-col-50 elementor-top-column elementor-element elementor-element-47f07d4\" data-id=\"47f07d4\" data-element_type=\"column\" data-e-type=\"column\">\n\t\t\t<div class=\"elementor-widget-wrap elementor-element-populated\">\n\t\t\t\t\t\t<div class=\"elementor-element elementor-element-31e4739 elementor-widget elementor-widget-html\" data-id=\"31e4739\" data-element_type=\"widget\" data-e-type=\"widget\" data-widget_type=\"html.default\">\n\t\t\t\t<div class=\"elementor-widget-container\">\n\t\t\t\t\t<iframe src=\"https:\/\/app.cyberimpact.com\/clients\/55308\/subscribe-forms\/D1DB5418-1FCA-4B74-B4C4-EF3318250F05\" width=\"1023\" height=\"632\" frameborder=\"0\" marginheight=\"0\" marginwidth=\"0\" scrolling=\"auto\"><\/iframe>\t\t\t\t<\/div>\n\t\t\t\t<\/div>\n\t\t\t\t\t<\/div>\n\t\t<\/div>\n\t\t\t\t\t<\/div>\n\t\t<\/section>\n\t\t\t\t<section class=\"elementor-section elementor-top-section elementor-element elementor-element-2c031c8 elementor-section-boxed elementor-section-height-default elementor-section-height-default\" data-id=\"2c031c8\" data-element_type=\"section\" data-e-type=\"section\">\n\t\t\t\t\t\t<div class=\"elementor-container elementor-column-gap-default\">\n\t\t\t\t\t<div class=\"elementor-column elementor-col-100 elementor-top-column elementor-element elementor-element-fe492c1\" data-id=\"fe492c1\" data-element_type=\"column\" data-e-type=\"column\">\n\t\t\t<div class=\"elementor-widget-wrap elementor-element-populated\">\n\t\t\t\t\t\t<div class=\"elementor-element elementor-element-cf030eb elementor-widget elementor-widget-accordion\" data-id=\"cf030eb\" data-element_type=\"widget\" data-e-type=\"widget\" data-widget_type=\"accordion.default\">\n\t\t\t\t<div class=\"elementor-widget-container\">\n\t\t\t\t\t\t\t<div class=\"elementor-accordion\">\n\t\t\t\t\t\t\t<div class=\"elementor-accordion-item\">\n\t\t\t\t\t<div id=\"elementor-tab-title-2171\" class=\"elementor-tab-title\" data-tab=\"1\" role=\"button\" aria-controls=\"elementor-tab-content-2171\" aria-expanded=\"false\">\n\t\t\t\t\t\t\t\t\t\t\t\t\t<span class=\"elementor-accordion-icon elementor-accordion-icon-left\" aria-hidden=\"true\">\n\t\t\t\t\t\t\t\t\t\t\t\t\t\t\t<span class=\"elementor-accordion-icon-closed\"><i class=\"fas fa-plus\"><\/i><\/span>\n\t\t\t\t\t\t\t\t<span class=\"elementor-accordion-icon-opened\"><i class=\"fas fa-minus\"><\/i><\/span>\n\t\t\t\t\t\t\t\t\t\t\t\t\t\t<\/span>\n\t\t\t\t\t\t\t\t\t\t\t\t<a class=\"elementor-accordion-title\" tabindex=\"0\">Conditions du concours<\/a>\n\t\t\t\t\t<\/div>\n\t\t\t\t\t<div id=\"elementor-tab-content-2171\" class=\"elementor-tab-content elementor-clearfix\" data-tab=\"1\" role=\"region\" aria-labelledby=\"elementor-tab-title-2171\"><p>Le concours est ouvert du 13 f\u00e9vrier 2026 (13h00, heure de l\u2019EST) au 27 f\u00e9vrier 2026 (23h59, heure de l\u2019Est). Le gagnant ou la gagnante sera choisi.e par tirage au sort le 2 mars 2026 \u00e0 13h00 (heure de l\u2019Est) et sera contact\u00e9 par courriel \u00e0 l\u2019adresse courriel utilis\u00e9e pour participer au concours.<\/p><p>Une (1) seule participation par personne et vous ne pouvez utiliser qu\u2019une seule adresse courriel pour participer. Pour \u00eatre \u00e9ligible au concours, les participants devront remplir le formulaire du concours sur wampole.ca. Un(e) (1) gagnant(e) sera d\u00e9clar\u00e9(e) pour le concours. Le prix consiste d\u2019une (1) carte cadeau de cinquante dollars (50 $) sur le site web de <a id=\"menur5qu\" class=\"fui-Link ___1q1shib f2hkw1w f3rmtva f1ewtqcl fyind8e f1k6fduh f1w7gpdv fk6fouc fjoy568 figsok6 f1s184ao f1mk8lai fnbmjn9 f1o700av f13mvf36 f1cmlufx f9n3di6 f1ids18y f1tx3yz7 f1deo86v f1eh06m1 f1iescvh fhgqx19 f1olyrje f1p93eir f1nev41a f1h8hb77 f1lqvz6u f10aw75t fsle3fq f17ae5zn\" title=\"http:\/\/wampole.ca\/\" href=\"http:\/\/wampole.ca\/\" target=\"_blank\" rel=\"noreferrer noopener\" aria-label=\"Lien wampole.ca\">wampole.ca<\/a>. et sera envoy\u00e9 sous forme de code promo dans la semaine suivant l\u2019annonce du (de la) gagnant(e), \u00e0 l\u2019adresse courriel fournie par ce(tte) dernier(\u00e8re). Les chances de gagner d\u00e9pendent du nombre de participations valides. En cochant la case \u00ab J\u2019accepte les conditions g\u00e9n\u00e9rales du concours \u00bb, vous participez et acceptez d\u2019\u00eatre li\u00e9 par le r\u00e8glement du concours et de vous y conformer. Ce concours n\u2019est nullement affili\u00e9, cautionn\u00e9, pr\u00e9sent\u00e9, parrain\u00e9 ou organis\u00e9 par un r\u00e9seau social, incluant Facebook et Instagram.<\/p><p>Je consens \u00e0 ce que Wampole et ses affili\u00e9s utilisent les informations personnelles que j\u2019ai fournies \u00e0 ces fins, tel que d\u00e9crit dans sa\u00a0<a id=\"menur5r1\" class=\"fui-Link ___1q1shib f2hkw1w f3rmtva f1ewtqcl fyind8e f1k6fduh f1w7gpdv fk6fouc fjoy568 figsok6 f1s184ao f1mk8lai fnbmjn9 f1o700av f13mvf36 f1cmlufx f9n3di6 f1ids18y f1tx3yz7 f1deo86v f1eh06m1 f1iescvh fhgqx19 f1olyrje f1p93eir f1nev41a f1h8hb77 f1lqvz6u f10aw75t fsle3fq f17ae5zn\" title=\"https:\/\/www.wampole.ca\/fr\/politique-de-confidentialite\/#:~:text=wampole%20ne%20recueillera%2c%20n%27utilisera,le%20permet%20ou%20l%27exige.\" href=\"https:\/\/www.wampole.ca\/fr\/politique-de-confidentialite\/#:~:text=Wampole%20ne%20recueillera%2C%20n%27utilisera,le%20permet%20ou%20l%27exige.\" target=\"_blank\" rel=\"noreferrer noopener\" aria-label=\"Lien Politique de confidentialit\u00e9.\">Politique de confidentialit\u00e9.<\/a><\/p><\/div>\n\t\t\t\t<\/div>\n\t\t\t\t\t\t\t\t<\/div>\n\t\t\t\t\t\t<\/div>\n\t\t\t\t<\/div>\n\t\t\t\t\t<\/div>\n\t\t<\/div>\n\t\t\t\t\t<\/div>\n\t\t<\/section>\n\t\t\t\t<\/div>\n\t\t","protected":false},"excerpt":{"rendered":"<p>Participez au concours pour courir la chance de gagner une carte-cadeau de 50$! Conditions du concours Le concours est ouvert du 13 f\u00e9vrier 2026 (13h00, heure de l\u2019EST) au 27 f\u00e9vrier 2026 (23h59, heure de l\u2019Est). Le gagnant ou la gagnante sera choisi.e par tirage au sort le 2 mars 2026 \u00e0 13h00 (heure de [&hellip;]<\/p>\n","protected":false},"author":293,"featured_media":15770,"parent":0,"menu_order":-9998,"comment_status":"closed","ping_status":"closed","template":"","meta":{"_acf_changed":false,"footnotes":""},"class_list":["post-15775","page","type-page","status-publish","has-post-thumbnail","hentry"],"acf":[],"yoast_head":"<!-- This site is optimized with the Yoast SEO plugin v26.8 - https:\/\/yoast.com\/product\/yoast-seo-wordpress\/ -->\n<title>WAMPOLE - Concours printemps 2026 - Wampole<\/title>\n<meta name=\"robots\" content=\"index, follow, max-snippet:-1, max-image-preview:large, max-video-preview:-1\" \/>\n<link rel=\"canonical\" href=\"https:\/\/www.wampole.ca\/fr\/wampole-concours-printemps-2026\/\" \/>\n<meta property=\"og:locale\" content=\"fr_FR\" \/>\n<meta property=\"og:type\" content=\"article\" \/>\n<meta property=\"og:title\" content=\"WAMPOLE - Concours printemps 2026 - Wampole\" \/>\n<meta property=\"og:description\" content=\"Participez au concours pour courir la chance de gagner une carte-cadeau de 50$! Conditions du concours Le concours est ouvert du 13 f\u00e9vrier 2026 (13h00, heure de l\u2019EST) au 27 f\u00e9vrier 2026 (23h59, heure de l\u2019Est). Le gagnant ou la gagnante sera choisi.e par tirage au sort le 2 mars 2026 \u00e0 13h00 (heure de [&hellip;]\" \/>\n<meta property=\"og:url\" content=\"https:\/\/www.wampole.ca\/fr\/wampole-concours-printemps-2026\/\" \/>\n<meta property=\"og:site_name\" content=\"Wampole\" \/>\n<meta property=\"article:publisher\" content=\"https:\/\/www.facebook.com\/WampoleInc\/\" \/>\n<meta property=\"article:modified_time\" content=\"2026-02-12T15:02:01+00:00\" \/>\n<meta property=\"og:image\" content=\"https:\/\/www.wampole.ca\/wp-content\/uploads\/2026\/02\/313.png\" \/>\n\t<meta property=\"og:image:width\" content=\"800\" \/>\n\t<meta property=\"og:image:height\" content=\"1000\" \/>\n\t<meta property=\"og:image:type\" content=\"image\/png\" \/>\n<meta name=\"twitter:card\" content=\"summary_large_image\" \/>\n<meta name=\"twitter:label1\" content=\"Dur\u00e9e de lecture estim\u00e9e\" \/>\n\t<meta name=\"twitter:data1\" content=\"2 minutes\" \/>\n<script type=\"application\/ld+json\" class=\"yoast-schema-graph\">{\"@context\":\"https:\/\/schema.org\",\"@graph\":[{\"@type\":\"WebPage\",\"@id\":\"https:\/\/www.wampole.ca\/fr\/wampole-concours-printemps-2026\/\",\"url\":\"https:\/\/www.wampole.ca\/fr\/wampole-concours-printemps-2026\/\",\"name\":\"WAMPOLE - Concours printemps 2026 - Wampole\",\"isPartOf\":{\"@id\":\"https:\/\/www.wampole.ca\/#website\"},\"primaryImageOfPage\":{\"@id\":\"https:\/\/www.wampole.ca\/fr\/wampole-concours-printemps-2026\/#primaryimage\"},\"image\":{\"@id\":\"https:\/\/www.wampole.ca\/fr\/wampole-concours-printemps-2026\/#primaryimage\"},\"thumbnailUrl\":\"https:\/\/www.wampole.ca\/wp-content\/uploads\/2026\/02\/313.png\",\"datePublished\":\"2026-02-12T14:43:35+00:00\",\"dateModified\":\"2026-02-12T15:02:01+00:00\",\"breadcrumb\":{\"@id\":\"https:\/\/www.wampole.ca\/fr\/wampole-concours-printemps-2026\/#breadcrumb\"},\"inLanguage\":\"fr-FR\",\"potentialAction\":[{\"@type\":\"ReadAction\",\"target\":[\"https:\/\/www.wampole.ca\/fr\/wampole-concours-printemps-2026\/\"]}]},{\"@type\":\"ImageObject\",\"inLanguage\":\"fr-FR\",\"@id\":\"https:\/\/www.wampole.ca\/fr\/wampole-concours-printemps-2026\/#primaryimage\",\"url\":\"https:\/\/www.wampole.ca\/wp-content\/uploads\/2026\/02\/313.png\",\"contentUrl\":\"https:\/\/www.wampole.ca\/wp-content\/uploads\/2026\/02\/313.png\",\"width\":800,\"height\":1000},{\"@type\":\"BreadcrumbList\",\"@id\":\"https:\/\/www.wampole.ca\/fr\/wampole-concours-printemps-2026\/#breadcrumb\",\"itemListElement\":[{\"@type\":\"ListItem\",\"position\":1,\"name\":\"Accueil\",\"item\":\"https:\/\/www.wampole.ca\/fr\/\"},{\"@type\":\"ListItem\",\"position\":2,\"name\":\"WAMPOLE &#8211; Concours printemps 2026\"}]},{\"@type\":\"WebSite\",\"@id\":\"https:\/\/www.wampole.ca\/#website\",\"url\":\"https:\/\/www.wampole.ca\/\",\"name\":\"Wampole\",\"description\":\"\",\"publisher\":{\"@id\":\"https:\/\/www.wampole.ca\/#organization\"},\"potentialAction\":[{\"@type\":\"SearchAction\",\"target\":{\"@type\":\"EntryPoint\",\"urlTemplate\":\"https:\/\/www.wampole.ca\/?s={search_term_string}\"},\"query-input\":{\"@type\":\"PropertyValueSpecification\",\"valueRequired\":true,\"valueName\":\"search_term_string\"}}],\"inLanguage\":\"fr-FR\"},{\"@type\":\"Organization\",\"@id\":\"https:\/\/www.wampole.ca\/#organization\",\"name\":\"Wampole\",\"url\":\"https:\/\/www.wampole.ca\/\",\"logo\":{\"@type\":\"ImageObject\",\"inLanguage\":\"fr-FR\",\"@id\":\"https:\/\/www.wampole.ca\/#\/schema\/logo\/image\/\",\"url\":\"https:\/\/www.wampole.ca\/wp-content\/uploads\/2022\/03\/WAMPOLE_Logo-EN.png\",\"contentUrl\":\"https:\/\/www.wampole.ca\/wp-content\/uploads\/2022\/03\/WAMPOLE_Logo-EN.png\",\"width\":3300,\"height\":1053,\"caption\":\"Wampole\"},\"image\":{\"@id\":\"https:\/\/www.wampole.ca\/#\/schema\/logo\/image\/\"},\"sameAs\":[\"https:\/\/www.facebook.com\/WampoleInc\/\",\"https:\/\/www.youtube.com\/channel\/UCpQexQ_7lSnd4-BERfis2pQ\"]}]}<\/script>\n<!-- \/ Yoast SEO plugin. -->","yoast_head_json":{"title":"WAMPOLE - Concours printemps 2026 - Wampole","robots":{"index":"index","follow":"follow","max-snippet":"max-snippet:-1","max-image-preview":"max-image-preview:large","max-video-preview":"max-video-preview:-1"},"canonical":"https:\/\/www.wampole.ca\/fr\/wampole-concours-printemps-2026\/","og_locale":"fr_FR","og_type":"article","og_title":"WAMPOLE - Concours printemps 2026 - Wampole","og_description":"Participez au concours pour courir la chance de gagner une carte-cadeau de 50$! Conditions du concours Le concours est ouvert du 13 f\u00e9vrier 2026 (13h00, heure de l\u2019EST) au 27 f\u00e9vrier 2026 (23h59, heure de l\u2019Est). Le gagnant ou la gagnante sera choisi.e par tirage au sort le 2 mars 2026 \u00e0 13h00 (heure de [&hellip;]","og_url":"https:\/\/www.wampole.ca\/fr\/wampole-concours-printemps-2026\/","og_site_name":"Wampole","article_publisher":"https:\/\/www.facebook.com\/WampoleInc\/","article_modified_time":"2026-02-12T15:02:01+00:00","og_image":[{"width":800,"height":1000,"url":"https:\/\/www.wampole.ca\/wp-content\/uploads\/2026\/02\/313.png","type":"image\/png"}],"twitter_card":"summary_large_image","twitter_misc":{"Dur\u00e9e de lecture estim\u00e9e":"2 minutes"},"schema":{"@context":"https:\/\/schema.org","@graph":[{"@type":"WebPage","@id":"https:\/\/www.wampole.ca\/fr\/wampole-concours-printemps-2026\/","url":"https:\/\/www.wampole.ca\/fr\/wampole-concours-printemps-2026\/","name":"WAMPOLE - Concours printemps 2026 - Wampole","isPartOf":{"@id":"https:\/\/www.wampole.ca\/#website"},"primaryImageOfPage":{"@id":"https:\/\/www.wampole.ca\/fr\/wampole-concours-printemps-2026\/#primaryimage"},"image":{"@id":"https:\/\/www.wampole.ca\/fr\/wampole-concours-printemps-2026\/#primaryimage"},"thumbnailUrl":"https:\/\/www.wampole.ca\/wp-content\/uploads\/2026\/02\/313.png","datePublished":"2026-02-12T14:43:35+00:00","dateModified":"2026-02-12T15:02:01+00:00","breadcrumb":{"@id":"https:\/\/www.wampole.ca\/fr\/wampole-concours-printemps-2026\/#breadcrumb"},"inLanguage":"fr-FR","potentialAction":[{"@type":"ReadAction","target":["https:\/\/www.wampole.ca\/fr\/wampole-concours-printemps-2026\/"]}]},{"@type":"ImageObject","inLanguage":"fr-FR","@id":"https:\/\/www.wampole.ca\/fr\/wampole-concours-printemps-2026\/#primaryimage","url":"https:\/\/www.wampole.ca\/wp-content\/uploads\/2026\/02\/313.png","contentUrl":"https:\/\/www.wampole.ca\/wp-content\/uploads\/2026\/02\/313.png","width":800,"height":1000},{"@type":"BreadcrumbList","@id":"https:\/\/www.wampole.ca\/fr\/wampole-concours-printemps-2026\/#breadcrumb","itemListElement":[{"@type":"ListItem","position":1,"name":"Accueil","item":"https:\/\/www.wampole.ca\/fr\/"},{"@type":"ListItem","position":2,"name":"WAMPOLE &#8211; Concours printemps 2026"}]},{"@type":"WebSite","@id":"https:\/\/www.wampole.ca\/#website","url":"https:\/\/www.wampole.ca\/","name":"Wampole","description":"","publisher":{"@id":"https:\/\/www.wampole.ca\/#organization"},"potentialAction":[{"@type":"SearchAction","target":{"@type":"EntryPoint","urlTemplate":"https:\/\/www.wampole.ca\/?s={search_term_string}"},"query-input":{"@type":"PropertyValueSpecification","valueRequired":true,"valueName":"search_term_string"}}],"inLanguage":"fr-FR"},{"@type":"Organization","@id":"https:\/\/www.wampole.ca\/#organization","name":"Wampole","url":"https:\/\/www.wampole.ca\/","logo":{"@type":"ImageObject","inLanguage":"fr-FR","@id":"https:\/\/www.wampole.ca\/#\/schema\/logo\/image\/","url":"https:\/\/www.wampole.ca\/wp-content\/uploads\/2022\/03\/WAMPOLE_Logo-EN.png","contentUrl":"https:\/\/www.wampole.ca\/wp-content\/uploads\/2022\/03\/WAMPOLE_Logo-EN.png","width":3300,"height":1053,"caption":"Wampole"},"image":{"@id":"https:\/\/www.wampole.ca\/#\/schema\/logo\/image\/"},"sameAs":["https:\/\/www.facebook.com\/WampoleInc\/","https:\/\/www.youtube.com\/channel\/UCpQexQ_7lSnd4-BERfis2pQ"]}]}},"_links":{"self":[{"href":"https:\/\/www.wampole.ca\/fr\/wp-json\/wp\/v2\/pages\/15775","targetHints":{"allow":["GET"]}}],"collection":[{"href":"https:\/\/www.wampole.ca\/fr\/wp-json\/wp\/v2\/pages"}],"about":[{"href":"https:\/\/www.wampole.ca\/fr\/wp-json\/wp\/v2\/types\/page"}],"author":[{"embeddable":true,"href":"https:\/\/www.wampole.ca\/fr\/wp-json\/wp\/v2\/users\/293"}],"replies":[{"embeddable":true,"href":"https:\/\/www.wampole.ca\/fr\/wp-json\/wp\/v2\/comments?post=15775"}],"version-history":[{"count":4,"href":"https:\/\/www.wampole.ca\/fr\/wp-json\/wp\/v2\/pages\/15775\/revisions"}],"predecessor-version":[{"id":15779,"href":"https:\/\/www.wampole.ca\/fr\/wp-json\/wp\/v2\/pages\/15775\/revisions\/15779"}],"wp:featuredmedia":[{"embeddable":true,"href":"https:\/\/www.wampole.ca\/fr\/wp-json\/wp\/v2\/media\/15770"}],"wp:attachment":[{"href":"https:\/\/www.wampole.ca\/fr\/wp-json\/wp\/v2\/media?parent=15775"}],"curies":[{"name":"wp","href":"https:\/\/api.w.org\/{rel}","templated":true}]}}