{"id":12220,"date":"2024-09-16T16:25:32","date_gmt":"2024-09-16T20:25:32","guid":{"rendered":"https:\/\/www.wampole.ca\/on-sale-valda\/"},"modified":"2024-10-10T09:15:33","modified_gmt":"2024-10-10T13:15:33","slug":"soldes-valda","status":"publish","type":"page","link":"https:\/\/www.wampole.ca\/fr\/soldes-valda\/","title":{"rendered":"Soldes &#8211; Valda"},"content":{"rendered":"\t\t<div data-elementor-type=\"wp-page\" data-elementor-id=\"12220\" class=\"elementor elementor-12220 elementor-12214\" data-elementor-post-type=\"page\">\n\t\t\t\t\t\t<section class=\"elementor-section elementor-top-section elementor-element elementor-element-529cb90 elementor-section-boxed elementor-section-height-default elementor-section-height-default\" data-id=\"529cb90\" data-element_type=\"section\" data-e-type=\"section\" data-settings=\"{&quot;background_background&quot;:&quot;classic&quot;}\">\n\t\t\t\t\t\t<div class=\"elementor-container elementor-column-gap-no\">\n\t\t\t\t\t<div class=\"elementor-column elementor-col-100 elementor-top-column elementor-element elementor-element-fb40be9\" data-id=\"fb40be9\" data-element_type=\"column\" data-e-type=\"column\">\n\t\t\t<div class=\"elementor-widget-wrap elementor-element-populated\">\n\t\t\t\t\t\t<div class=\"elementor-element elementor-element-306a573 elementor-widget elementor-widget-heading\" data-id=\"306a573\" data-element_type=\"widget\" data-e-type=\"widget\" data-widget_type=\"heading.default\">\n\t\t\t\t<div class=\"elementor-widget-container\">\n\t\t\t\t\t<h1 class=\"elementor-heading-title elementor-size-default\">Magasiner les soldes<\/h1>\t\t\t\t<\/div>\n\t\t\t\t<\/div>\n\t\t\t\t<div class=\"elementor-element elementor-element-705326f elementor-widget elementor-widget-text-editor\" data-id=\"705326f\" data-element_type=\"widget\" data-e-type=\"widget\" data-widget_type=\"text-editor.default\">\n\t\t\t\t<div class=\"elementor-widget-container\">\n\t\t\t\t\t\t\t\t\t<p>Donnez une derni\u00e8re chance \u00e0 vos essentiels pr\u00e9f\u00e9r\u00e9s et \u00e9conomisez! Faites vite, les quantit\u00e9s sont limit\u00e9es!<\/p>\t\t\t\t\t\t\t\t<\/div>\n\t\t\t\t<\/div>\n\t\t\t\t<div class=\"elementor-element elementor-element-e313574 elementor-widget elementor-widget-text-editor\" data-id=\"e313574\" data-element_type=\"widget\" data-e-type=\"widget\" data-widget_type=\"text-editor.default\">\n\t\t\t\t<div class=\"elementor-widget-container\">\n\t\t\t\t\t\t\t\t\t<p>Les produits pr\u00e9sents sur cette page risquent d&rsquo;\u00eatre discontinu\u00e9s, ou d&rsquo;avoir des dates d&rsquo;expiration plus courtes qu&rsquo;\u00e0 l&rsquo;habitude. Notez que ces ventes seront donc finales.\u00a0<\/p>\t\t\t\t\t\t\t\t<\/div>\n\t\t\t\t<\/div>\n\t\t\t\t\t<\/div>\n\t\t<\/div>\n\t\t\t\t\t<\/div>\n\t\t<\/section>\n\t\t\t\t<section class=\"elementor-section elementor-top-section elementor-element elementor-element-fa35a15 elementor-reverse-mobile elementor-section-boxed elementor-section-height-default elementor-section-height-default\" data-id=\"fa35a15\" data-element_type=\"section\" data-e-type=\"section\">\n\t\t\t\t\t\t<div class=\"elementor-container elementor-column-gap-no\">\n\t\t\t\t\t<div class=\"elementor-column elementor-col-100 elementor-top-column elementor-element elementor-element-e5367a4\" data-id=\"e5367a4\" data-element_type=\"column\" data-e-type=\"column\">\n\t\t\t<div class=\"elementor-widget-wrap elementor-element-populated\">\n\t\t\t\t\t\t\t<\/div>\n\t\t<\/div>\n\t\t\t\t\t<\/div>\n\t\t<\/section>\n\t\t\t\t<\/div>\n\t\t","protected":false},"excerpt":{"rendered":"<p>Magasiner les soldes Donnez une derni\u00e8re chance \u00e0 vos essentiels pr\u00e9f\u00e9r\u00e9s et \u00e9conomisez! Faites vite, les quantit\u00e9s sont limit\u00e9es! Les produits pr\u00e9sents sur cette page risquent d&rsquo;\u00eatre discontinu\u00e9s, ou d&rsquo;avoir des dates d&rsquo;expiration plus courtes qu&rsquo;\u00e0 l&rsquo;habitude. Notez que ces ventes seront donc finales.\u00a0<\/p>\n","protected":false},"author":293,"featured_media":0,"parent":0,"menu_order":-9998,"comment_status":"closed","ping_status":"closed","template":"","meta":{"_acf_changed":false,"footnotes":""},"class_list":["post-12220","page","type-page","status-publish","hentry"],"acf":[],"yoast_head":"<!-- This site is optimized with the Yoast SEO plugin v26.8 - https:\/\/yoast.com\/product\/yoast-seo-wordpress\/ -->\n<title>Soldes - Valda - Wampole<\/title>\n<meta name=\"robots\" content=\"index, follow, max-snippet:-1, max-image-preview:large, max-video-preview:-1\" \/>\n<link rel=\"canonical\" href=\"https:\/\/www.wampole.ca\/fr\/soldes-valda\/\" \/>\n<meta property=\"og:locale\" content=\"fr_FR\" \/>\n<meta property=\"og:type\" content=\"article\" \/>\n<meta property=\"og:title\" content=\"Soldes - Valda - Wampole\" \/>\n<meta property=\"og:description\" content=\"Magasiner les soldes Donnez une derni\u00e8re chance \u00e0 vos essentiels pr\u00e9f\u00e9r\u00e9s et \u00e9conomisez! Faites vite, les quantit\u00e9s sont limit\u00e9es! Les produits pr\u00e9sents sur cette page risquent d&rsquo;\u00eatre discontinu\u00e9s, ou d&rsquo;avoir des dates d&rsquo;expiration plus courtes qu&rsquo;\u00e0 l&rsquo;habitude. Notez que ces ventes seront donc finales.\u00a0\" \/>\n<meta property=\"og:url\" content=\"https:\/\/www.wampole.ca\/fr\/soldes-valda\/\" \/>\n<meta property=\"og:site_name\" content=\"Wampole\" \/>\n<meta property=\"article:publisher\" content=\"https:\/\/www.facebook.com\/WampoleInc\/\" \/>\n<meta property=\"article:modified_time\" content=\"2024-10-10T13:15:33+00:00\" \/>\n<meta property=\"og:image\" content=\"https:\/\/www.wampole.ca\/wp-content\/uploads\/2022\/10\/fb-share.jpg\" \/>\n\t<meta property=\"og:image:width\" content=\"1200\" \/>\n\t<meta property=\"og:image:height\" content=\"630\" \/>\n\t<meta property=\"og:image:type\" content=\"image\/jpeg\" \/>\n<meta name=\"twitter:card\" content=\"summary_large_image\" \/>\n<meta name=\"twitter:label1\" content=\"Dur\u00e9e de lecture estim\u00e9e\" \/>\n\t<meta name=\"twitter:data1\" content=\"1 minute\" \/>\n<script type=\"application\/ld+json\" class=\"yoast-schema-graph\">{\"@context\":\"https:\/\/schema.org\",\"@graph\":[{\"@type\":\"WebPage\",\"@id\":\"https:\/\/www.wampole.ca\/fr\/soldes-valda\/\",\"url\":\"https:\/\/www.wampole.ca\/fr\/soldes-valda\/\",\"name\":\"Soldes - Valda - Wampole\",\"isPartOf\":{\"@id\":\"https:\/\/www.wampole.ca\/#website\"},\"datePublished\":\"2024-09-16T20:25:32+00:00\",\"dateModified\":\"2024-10-10T13:15:33+00:00\",\"breadcrumb\":{\"@id\":\"https:\/\/www.wampole.ca\/fr\/soldes-valda\/#breadcrumb\"},\"inLanguage\":\"fr-FR\",\"potentialAction\":[{\"@type\":\"ReadAction\",\"target\":[\"https:\/\/www.wampole.ca\/fr\/soldes-valda\/\"]}]},{\"@type\":\"BreadcrumbList\",\"@id\":\"https:\/\/www.wampole.ca\/fr\/soldes-valda\/#breadcrumb\",\"itemListElement\":[{\"@type\":\"ListItem\",\"position\":1,\"name\":\"Accueil\",\"item\":\"https:\/\/www.wampole.ca\/fr\/\"},{\"@type\":\"ListItem\",\"position\":2,\"name\":\"Soldes &#8211; Valda\"}]},{\"@type\":\"WebSite\",\"@id\":\"https:\/\/www.wampole.ca\/#website\",\"url\":\"https:\/\/www.wampole.ca\/\",\"name\":\"Wampole\",\"description\":\"\",\"publisher\":{\"@id\":\"https:\/\/www.wampole.ca\/#organization\"},\"potentialAction\":[{\"@type\":\"SearchAction\",\"target\":{\"@type\":\"EntryPoint\",\"urlTemplate\":\"https:\/\/www.wampole.ca\/?s={search_term_string}\"},\"query-input\":{\"@type\":\"PropertyValueSpecification\",\"valueRequired\":true,\"valueName\":\"search_term_string\"}}],\"inLanguage\":\"fr-FR\"},{\"@type\":\"Organization\",\"@id\":\"https:\/\/www.wampole.ca\/#organization\",\"name\":\"Wampole\",\"url\":\"https:\/\/www.wampole.ca\/\",\"logo\":{\"@type\":\"ImageObject\",\"inLanguage\":\"fr-FR\",\"@id\":\"https:\/\/www.wampole.ca\/#\/schema\/logo\/image\/\",\"url\":\"https:\/\/www.wampole.ca\/wp-content\/uploads\/2022\/03\/WAMPOLE_Logo-EN.png\",\"contentUrl\":\"https:\/\/www.wampole.ca\/wp-content\/uploads\/2022\/03\/WAMPOLE_Logo-EN.png\",\"width\":3300,\"height\":1053,\"caption\":\"Wampole\"},\"image\":{\"@id\":\"https:\/\/www.wampole.ca\/#\/schema\/logo\/image\/\"},\"sameAs\":[\"https:\/\/www.facebook.com\/WampoleInc\/\",\"https:\/\/www.youtube.com\/channel\/UCpQexQ_7lSnd4-BERfis2pQ\"]}]}<\/script>\n<!-- \/ Yoast SEO plugin. -->","yoast_head_json":{"title":"Soldes - Valda - Wampole","robots":{"index":"index","follow":"follow","max-snippet":"max-snippet:-1","max-image-preview":"max-image-preview:large","max-video-preview":"max-video-preview:-1"},"canonical":"https:\/\/www.wampole.ca\/fr\/soldes-valda\/","og_locale":"fr_FR","og_type":"article","og_title":"Soldes - Valda - Wampole","og_description":"Magasiner les soldes Donnez une derni\u00e8re chance \u00e0 vos essentiels pr\u00e9f\u00e9r\u00e9s et \u00e9conomisez! Faites vite, les quantit\u00e9s sont limit\u00e9es! Les produits pr\u00e9sents sur cette page risquent d&rsquo;\u00eatre discontinu\u00e9s, ou d&rsquo;avoir des dates d&rsquo;expiration plus courtes qu&rsquo;\u00e0 l&rsquo;habitude. Notez que ces ventes seront donc finales.\u00a0","og_url":"https:\/\/www.wampole.ca\/fr\/soldes-valda\/","og_site_name":"Wampole","article_publisher":"https:\/\/www.facebook.com\/WampoleInc\/","article_modified_time":"2024-10-10T13:15:33+00:00","og_image":[{"width":1200,"height":630,"url":"https:\/\/www.wampole.ca\/wp-content\/uploads\/2022\/10\/fb-share.jpg","type":"image\/jpeg"}],"twitter_card":"summary_large_image","twitter_misc":{"Dur\u00e9e de lecture estim\u00e9e":"1 minute"},"schema":{"@context":"https:\/\/schema.org","@graph":[{"@type":"WebPage","@id":"https:\/\/www.wampole.ca\/fr\/soldes-valda\/","url":"https:\/\/www.wampole.ca\/fr\/soldes-valda\/","name":"Soldes - Valda - Wampole","isPartOf":{"@id":"https:\/\/www.wampole.ca\/#website"},"datePublished":"2024-09-16T20:25:32+00:00","dateModified":"2024-10-10T13:15:33+00:00","breadcrumb":{"@id":"https:\/\/www.wampole.ca\/fr\/soldes-valda\/#breadcrumb"},"inLanguage":"fr-FR","potentialAction":[{"@type":"ReadAction","target":["https:\/\/www.wampole.ca\/fr\/soldes-valda\/"]}]},{"@type":"BreadcrumbList","@id":"https:\/\/www.wampole.ca\/fr\/soldes-valda\/#breadcrumb","itemListElement":[{"@type":"ListItem","position":1,"name":"Accueil","item":"https:\/\/www.wampole.ca\/fr\/"},{"@type":"ListItem","position":2,"name":"Soldes &#8211; Valda"}]},{"@type":"WebSite","@id":"https:\/\/www.wampole.ca\/#website","url":"https:\/\/www.wampole.ca\/","name":"Wampole","description":"","publisher":{"@id":"https:\/\/www.wampole.ca\/#organization"},"potentialAction":[{"@type":"SearchAction","target":{"@type":"EntryPoint","urlTemplate":"https:\/\/www.wampole.ca\/?s={search_term_string}"},"query-input":{"@type":"PropertyValueSpecification","valueRequired":true,"valueName":"search_term_string"}}],"inLanguage":"fr-FR"},{"@type":"Organization","@id":"https:\/\/www.wampole.ca\/#organization","name":"Wampole","url":"https:\/\/www.wampole.ca\/","logo":{"@type":"ImageObject","inLanguage":"fr-FR","@id":"https:\/\/www.wampole.ca\/#\/schema\/logo\/image\/","url":"https:\/\/www.wampole.ca\/wp-content\/uploads\/2022\/03\/WAMPOLE_Logo-EN.png","contentUrl":"https:\/\/www.wampole.ca\/wp-content\/uploads\/2022\/03\/WAMPOLE_Logo-EN.png","width":3300,"height":1053,"caption":"Wampole"},"image":{"@id":"https:\/\/www.wampole.ca\/#\/schema\/logo\/image\/"},"sameAs":["https:\/\/www.facebook.com\/WampoleInc\/","https:\/\/www.youtube.com\/channel\/UCpQexQ_7lSnd4-BERfis2pQ"]}]}},"_links":{"self":[{"href":"https:\/\/www.wampole.ca\/fr\/wp-json\/wp\/v2\/pages\/12220","targetHints":{"allow":["GET"]}}],"collection":[{"href":"https:\/\/www.wampole.ca\/fr\/wp-json\/wp\/v2\/pages"}],"about":[{"href":"https:\/\/www.wampole.ca\/fr\/wp-json\/wp\/v2\/types\/page"}],"author":[{"embeddable":true,"href":"https:\/\/www.wampole.ca\/fr\/wp-json\/wp\/v2\/users\/293"}],"replies":[{"embeddable":true,"href":"https:\/\/www.wampole.ca\/fr\/wp-json\/wp\/v2\/comments?post=12220"}],"version-history":[{"count":7,"href":"https:\/\/www.wampole.ca\/fr\/wp-json\/wp\/v2\/pages\/12220\/revisions"}],"predecessor-version":[{"id":12607,"href":"https:\/\/www.wampole.ca\/fr\/wp-json\/wp\/v2\/pages\/12220\/revisions\/12607"}],"wp:attachment":[{"href":"https:\/\/www.wampole.ca\/fr\/wp-json\/wp\/v2\/media?parent=12220"}],"curies":[{"name":"wp","href":"https:\/\/api.w.org\/{rel}","templated":true}]}}